{"id":2853,"date":"2017-09-07T12:47:14","date_gmt":"2017-09-07T10:47:14","guid":{"rendered":"https:\/\/www.gastein.com\/blog\/?page_id=2853\/"},"modified":"2026-01-12T08:34:14","modified_gmt":"2026-01-12T07:34:14","slug":"impressum","status":"publish","type":"page","link":"https:\/\/www.gastein.com\/blog\/impressum\/","title":{"rendered":"Impressum"},"content":{"rendered":"<h3>F\u00fcr die Inhalte verantwortlich:<\/h3>\n<p><strong>Informationspflicht laut \u00a75 Abs.1 E-Commerce-Gesetz (ECG)<\/strong><br \/>\nMedieninhaber\/Firma: Gasteinertal Tourismus GmbH<br \/>\nTauernplatz 1<br \/>\n5630 Bad Hofgastein<br \/>\n\u00d6sterreich<br \/>\nTel: +43 (0) 6432 \/ 3393-0<br \/>\nFax: +43 (0) 6432 \/ 3393 120<br \/>\nE-Mail:\u00a0<a href=\"mailto:office@gastein.com\">office@gastein.com<\/a><br \/>\n<a href=\"http:\/\/www.gastein.com\" target=\"_blank\" rel=\"noopener\">www.gastein.com<\/a><\/p>\n<p>Eigent\u00fcmer: Gasteinertal Tourismus<br \/>\nGesch\u00e4ftsf\u00fchrung: J\u00fcrgen BESS, MTD<br \/>\nTel. +43 6432 3393-114<br \/>\nFax: +43 6432 3393-120<br \/>\nE-Mail:\u00a0<a href=\"mailto:juergen.bess@gastein.com\">juergen.bess@gastein.com<\/a><br \/>\nUnternehmensgegenstand: Reiseb\u00fcro, Werbung &amp; Marktkommunikation grundlegende Richtung: touristische Informations- und Buchungsplattform<br \/>\nFirmenbuchnummer: 166933s<br \/>\nUID: 43937102<br \/>\nFirmenbuchgericht: Landesgericht Salzburg<br \/>\nBeh\u00f6rder gem. ECG: Bezirkshauptmannschaft St.Johann im Pongau<br \/>\nKammer\/Berufsverband: Wirtschaftskammer Salzburg<\/p>\n<h3>Konzept, Set-Up &amp; Organisation<\/h3>\n<p>Speed U Up GmbH<br \/>\nMuseumstrasse 19<br \/>\n6020 Innsbruck<\/p>\n<p>Tel: +43 (0)43 327088-0<\/p>\n<p><a href=\"http:\/\/www.speed-u-up.at\" target=\"_blank\" rel=\"noopener\">www.speed-u-up.at<\/a><br \/>\nE-Mail: <a href=\"mailto:info@speed-u-up.at\" target=\"_blank\" rel=\"noopener\">info@speed-u-up.at<\/a><\/p>\n<h3>Technische Umsetzung<\/h3>\n<p>web-crossing GmbH<br \/>\nEduard-Bodem-Gasse 9<br \/>\n6020 Innsbruck<\/p>\n<p>Tel: +43 (0)512 206567<\/p>\n<p><a href=\"http:\/\/www.web-crossing.com\" target=\"_blank\" rel=\"noopener\">www.web-crossing.com<\/a><br \/>\nE-Mail: <a href=\"mailto:info@web-crossing.com\" target=\"_blank\" rel=\"noopener\">info@web-crossing.com<\/a><\/p>\n","protected":false},"excerpt":{"rendered":"<p>F\u00fcr die Inhalte verantwortlich: Informationspflicht laut \u00a75 Abs.1 E-Commerce-Gesetz (ECG) Medieninhaber\/Firma: Gasteinertal Tourismus GmbH Tauernplatz 1 5630 Bad Hofgastein \u00d6sterreich Tel: +43 (0) 6432 \/ 3393-0 Fax: +43 (0) 6432 \/ 3393 120 E-Mail:\u00a0office@gastein.com www.gastein.com Eigent\u00fcmer: Gasteinertal Tourismus Gesch\u00e4ftsf\u00fchrung: J\u00fcrgen BESS, MTD Tel. +43 6432&#8230;<\/p>\n","protected":false},"author":4,"featured_media":0,"parent":0,"menu_order":0,"comment_status":"closed","ping_status":"closed","template":"","meta":[],"_links":{"self":[{"href":"https:\/\/www.gastein.com\/blog\/wp-json\/wp\/v2\/pages\/2853"}],"collection":[{"href":"https:\/\/www.gastein.com\/blog\/wp-json\/wp\/v2\/pages"}],"about":[{"href":"https:\/\/www.gastein.com\/blog\/wp-json\/wp\/v2\/types\/page"}],"author":[{"embeddable":true,"href":"https:\/\/www.gastein.com\/blog\/wp-json\/wp\/v2\/users\/4"}],"replies":[{"embeddable":true,"href":"https:\/\/www.gastein.com\/blog\/wp-json\/wp\/v2\/comments?post=2853"}],"version-history":[{"count":7,"href":"https:\/\/www.gastein.com\/blog\/wp-json\/wp\/v2\/pages\/2853\/revisions"}],"predecessor-version":[{"id":6585,"href":"https:\/\/www.gastein.com\/blog\/wp-json\/wp\/v2\/pages\/2853\/revisions\/6585"}],"wp:attachment":[{"href":"https:\/\/www.gastein.com\/blog\/wp-json\/wp\/v2\/media?parent=2853"}],"curies":[{"name":"wp","href":"https:\/\/api.w.org\/{rel}","templated":true}]}}