{"id":1086,"date":"2013-03-15T18:21:12","date_gmt":"2013-03-15T15:21:12","guid":{"rendered":"http:\/\/wptest.io\/demo\/?page_id=1086"},"modified":"2026-01-21T09:42:29","modified_gmt":"2026-01-21T08:42:29","slug":"about-gasteinertal","status":"publish","type":"page","link":"https:\/\/www.gastein.com\/blog\/about-gasteinertal\/","title":{"rendered":"About"},"content":{"rendered":"<h1>\u00dcber das Gasteinertal<\/h1>\n<h2 style=\"text-align: center;\">1 Tal &#8211; 3 Orte<\/h2>\n<p style=\"text-align: center;\"><strong>Das Gasteinertal<\/strong>, individuell und einzigartig und doch mit vielen Facetten. Gepr\u00e4gt von Geschichte, Menschen mit Begeisterung und Leidenschaft. Gezeichnet von Gegens\u00e4tzen, die das Tal bereichern und zu einer individuellen Vielfalt f\u00fchren.<\/p>\n<p style=\"text-align: center;\"><strong>Die drei Orte<\/strong> des Gasteinertals bieten Platz zum Leben, den Alltag hinter sich zu lassen und einzutauchen in eine Zeit des puren Genusses.<br \/>\nJeder Ort f\u00fcr sich ist kostbar. Die Natur, die Architektur und die Menschen kreieren einen einzigartigen Mix. Einen Mix, der Lebenskraft schenkt.<\/p>\n<p style=\"text-align: center;\"><strong>Diese Mischung<\/strong> wollen wir in diesem Blog vorstellen.<br \/>\nDurch Beitr\u00e4ge um und aus der Region. Von, mit und \u00fcber Menschen. Von unentdeckten und beliebten Pl\u00e4tzen. Von Orten, die Energie schenken und zur Ruhe kommen lassen.<\/p>\n<p style=\"text-align: center;\">Das Gasteinertal hat viel zu erz\u00e4hlen. Lasst euch inspirieren!<\/p>\n<p style=\"text-align: center;\">Euer Team der Gasteinertal Tourismus GmbH.<\/p>\n","protected":false},"excerpt":{"rendered":"<p>\u00dcber das Gasteinertal 1 Tal &#8211; 3 Orte Das Gasteinertal, individuell und einzigartig und doch mit vielen Facetten. Gepr\u00e4gt von Geschichte, Menschen mit Begeisterung und Leidenschaft. Gezeichnet von Gegens\u00e4tzen, die das Tal bereichern und zu einer individuellen Vielfalt f\u00fchren. Die drei Orte des Gasteinertals bieten&#8230;<\/p>\n","protected":false},"author":10,"featured_media":0,"parent":0,"menu_order":0,"comment_status":"closed","ping_status":"closed","template":"","meta":[],"_links":{"self":[{"href":"https:\/\/www.gastein.com\/blog\/wp-json\/wp\/v2\/pages\/1086"}],"collection":[{"href":"https:\/\/www.gastein.com\/blog\/wp-json\/wp\/v2\/pages"}],"about":[{"href":"https:\/\/www.gastein.com\/blog\/wp-json\/wp\/v2\/types\/page"}],"author":[{"embeddable":true,"href":"https:\/\/www.gastein.com\/blog\/wp-json\/wp\/v2\/users\/10"}],"replies":[{"embeddable":true,"href":"https:\/\/www.gastein.com\/blog\/wp-json\/wp\/v2\/comments?post=1086"}],"version-history":[{"count":10,"href":"https:\/\/www.gastein.com\/blog\/wp-json\/wp\/v2\/pages\/1086\/revisions"}],"predecessor-version":[{"id":6591,"href":"https:\/\/www.gastein.com\/blog\/wp-json\/wp\/v2\/pages\/1086\/revisions\/6591"}],"wp:attachment":[{"href":"https:\/\/www.gastein.com\/blog\/wp-json\/wp\/v2\/media?parent=1086"}],"curies":[{"name":"wp","href":"https:\/\/api.w.org\/{rel}","templated":true}]}}